{"id":18856,"date":"2022-01-10T09:14:42","date_gmt":"2022-01-10T14:14:42","guid":{"rendered":"http:\/\/mywebplan.com\/uoma\/?page_id=18856"},"modified":"2024-09-30T09:48:34","modified_gmt":"2024-09-30T13:48:34","slug":"politique-de-confidentialite","status":"publish","type":"page","link":"https:\/\/usedoilrecycling.com\/fr\/politique-de-confidentialite\/","title":{"rendered":"Politique de confidentialit\u00e9"},"content":{"rendered":"\r\n<h3 class=\"wp-block-heading\">Qui sommes-nous?<\/h3>\r\n<p>La Used Oil Management Association (UOMA) est une association chapeautant plusieurs associations de recyclage de mat\u00e9riaux d\u2019huiles usag\u00e9es, soit Interchange Recycling, l\u2019Alberta Recycling Management Authority (Alberta Recycling), la Saskatchewan Association for Resource Recovery Corp. (SARRC), la Manitoba Association for Resource Recovery Corp. (MARRC), l&rsquo;Automotive Materials Stewardship (AMS), la Soci\u00e9t\u00e9 de gestion des huiles usag\u00e9es (SOGHU), l\u2019UOMA Atlantique \u2013 Nouveau-Brunswick (UOMA NB), l\u2019UOMA Atlantique \u2013 l\u2019Ile-du-Prince-Edouard (UOMA PE), l\u2019UOMA Atlantique \u2013 Terre-Neuve-et-Labrador (UOMA NL) et l\u2019UOMA Atlantique \u2013 Nouvelle-\u00c9cosse (UOMA NS). La politique sur la protection de la Vie priv\u00e9e du pr\u00e9sent site Web (la pr\u00e9sente politique) est int\u00e9gr\u00e9e aux modalit\u00e9s d\u2019utilisation (les modalit\u00e9s d\u2019utilisation) du pr\u00e9sent site Web (le pr\u00e9sent site Web), dont elle fait partie int\u00e9grante. LE FAIT QUE VOUS UTILISIEZ LE PR\u00c9SENT SITE WEB CONSTITUE UNE ACCEPTATION EXPRESSE ET INCONDITIONNELLE DE VOTRE PART DES MODALIT\u00c9S D\u2019UTILISATION DE CELUI-CI. VEUILLEZ FAIRE UNE LECTURE ATTENTIVE DES MODALIT\u00c9S D\u2019UTILISATION. SI VOUS N\u2019ACCEPTEZ PAS QUELQUE DISPOSITION DES MODALIT\u00c9S D\u2019UTILISATION, CESSEZ D\u2019UTILISER LE PR\u00c9SENT SITE ET D\u2019Y ACC\u00c9DER.<\/p>\r\n<h3>Description de la pr\u00e9sente politique<\/h3>\r\n<p>L\u2019UOMA prend acte du fait qu\u2019il est essentiel de maintenir et de prot\u00e9ger la confidentialit\u00e9 des renseignements personnels. La pr\u00e9sente politique s\u2019applique uniquement aux renseignements pouvant \u00eatre recueillis par l\u2019UOMA dans le cadre de l\u2019utilisation du pr\u00e9sent site Web et concerne strictement la fa\u00e7on dont ces renseignements peuvent \u00eatre utilis\u00e9s ou divulgu\u00e9s par l\u2019UOMA.<\/p>\r\n<h3>Protection de la Vie priv\u00e9e sur le pr\u00e9sent site Web<\/h3>\r\n<p>L\u2019UOMA ne recueille pas de renseignements permettant d\u2019identifier personnellement un utilisateur du pr\u00e9sent site Web, sauf si un tel utilisateur nous transmet de son gr\u00e9 de tels renseignements par courriel apr\u00e8s avoir suivi un lien \u00e0 partir du pr\u00e9sent site Web. \u00c0 NOTER que toute communication avec l\u2019UOMA est assujettie aux modalit\u00e9s d\u2019utilisation. L\u2019UOMA n\u2019utilise pas de renseignements permettant d\u2019identifier personnellement un utilisateur, la seule utilisation de tels renseignements consistant \u00e0 r\u00e9pondre \u00e0 tout message que nous pourrions recevoir de vous par courriel. L\u2019UOMA ne divulguera pas \u00e0 quiconque de renseignement recueilli \u00e0 partir du pr\u00e9sent site Web et permettant d\u2019identifier personnellement l\u2019utilisateur, sauf si :<\/p>\r\n<ul>\r\n<li>nous avons obtenu votre consentement (expr\u00e8s ou implicite) \u00e0 cette fin;<\/li>\r\n<li>nous croyons de bonne foi que la divulgation desdits renseignements est n\u00e9cessaire pour prot\u00e9ger nos droits ou notre propri\u00e9t\u00e9; ou<\/li>\r\n<li>nous y sommes tenus par la loi.<\/li>\r\n<\/ul>\r\n<p>L\u2019UOMA emploie des fichiers t\u00e9moins (ou \u00ab cookies \u00bb) sur le pr\u00e9sent site Web. Nous attirons votre attention sur le fait que lorsque vous naviguez sur Internet, votre navigateur Web envoie des donn\u00e9es techniques anonymes aux serveurs qui h\u00e9bergent les sites Web que vous visitez, y compris, par exemple, votre adresse IP (\u00ab Internet Protocol \u00bb), le type de navigateur que vous utilisez, le syst\u00e8me d\u2019exploitation de votre ordinateur, le nom de domaine, les p\u00e9riodes d\u2019acc\u00e8s et l\u2019adresse URL (\u00ab Universal Resource Locator \u00bb) de renvoi. De telles donn\u00e9es techniques peuvent \u00eatre recueillies par l\u2019UOMA dans le contexte de votre visite du pr\u00e9sent site Web. L\u2019UOMA peut utiliser de telles donn\u00e9es techniques \u00e0 des fins telles que l\u2019am\u00e9lioration du fonctionnement du pr\u00e9sent site Web et de son contenu et la compilation de donn\u00e9es statistiques sur l\u2019utilisation du pr\u00e9sent site Web et sur l\u2019acc\u00e8s \u00e0 celui-ci. L\u2019UOMA ne tentera aucunement d\u2019associer quelque donn\u00e9e technique anonyme avec quelque renseignement permettant d\u2019identifier personnellement l\u2019utilisateur, sauf si :<\/p>\r\n<ul>\r\n<li>nous avons obtenu votre consentement (expr\u00e8s ou implicite) \u00e0 cette fin;<\/li>\r\n<li>nous avons d\u00e9tect\u00e9 une tentative d\u2019endommager ou de rendre inop\u00e9rant le syst\u00e8me de s\u00e9curit\u00e9 du pr\u00e9sent site Web ou avons des motifs raisonnables de croire \u00e0 une telle tentative; ou<\/li>\r\n<li>nous y sommes tenus par la loi.<\/li>\r\n<\/ul>\r\n<p>Le pr\u00e9sent site Web peut contenir des hyperliens pointant vers des sites Web de tiers. Les sites Web de tiers ne sont pas r\u00e9gis par la pr\u00e9sente politique. L\u2019UOMA n\u2019assume aucune responsabilit\u00e9 quant aux pratiques ou politiques en mati\u00e8re de protection de la Vie priv\u00e9e qui ont cours sur les sites Web de tiers ou qui sont mises en oeuvre par les propri\u00e9taires ou les exploitants de ceux-ci. L\u2019UOMA vous encourage fortement \u00e0 consulter les politiques en mati\u00e8re de protection de la Vie priv\u00e9e des sites Web de tiers, afin de prendre des d\u00e9cisions \u00e9clair\u00e9es quant \u00e0 l\u2019opportunit\u00e9 d\u2019utiliser ces sites ou d\u2019y acc\u00e9der.<\/p>\r\n<h3>Modifications<\/h3>\r\n<p>L\u2019UOMA se r\u00e9serve le droit, \u00e0 tout moment et de temps \u00e0 autre, de modifier, de compl\u00e9ter ou de mettre \u00e0 jour la pr\u00e9sente politique en r\u00e9percutant cette modification, ce compl\u00e9ment ou cette mise \u00e0 jour sur le pr\u00e9sent site Web. Votre utilisation du pr\u00e9sent site Web apr\u00e8s que de tels changements y aient \u00e9t\u00e9 apport\u00e9s signifie que vous acceptez toutes les modalit\u00e9s de la pr\u00e9sente politique telles que modifi\u00e9es. Vous avez la responsabilit\u00e9 de visiter le pr\u00e9sent site Web p\u00e9riodiquement pour consulter les modalit\u00e9s de la pr\u00e9sente politique. Vous ne pouvez d\u2019aucune mani\u00e8re modifier la pr\u00e9sente politique ou y apporter quelque changement que ce soit. <strong>Pour nous contacter au sujet de notre politique sur la protection de la Vie priv\u00e9e<\/strong> Si vous avez des questions au sujet de la pr\u00e9sente politique sur la protection de la Vie priv\u00e9e, veuillez contacter : The Saskatchewan Association for Resource Recovery Corp. (SARRC) au 2366, Ave. C North, Saskatoon (Saskatchewan) S7L 5X5; t\u00e9l\u00e9phone : 306-652-7217 ou 1-877-645-7275; t\u00e9l\u00e9copieur : 306-652-1705.<\/p>\r\n<div class=\"textLayer\">\u00a0<\/div>\r\n","protected":false},"excerpt":{"rendered":"<p>Qui sommes-nous? La Used Oil Management Association (UOMA) est une  [&#8230;]<\/p>\n","protected":false},"author":1,"featured_media":18437,"parent":0,"menu_order":0,"comment_status":"closed","ping_status":"open","template":"","meta":{"footnotes":""},"class_list":["post-18856","page","type-page","status-publish","has-post-thumbnail","hentry"],"yoast_head":"<!-- This site is optimized with the Yoast SEO plugin v27.3 - https:\/\/yoast.com\/product\/yoast-seo-wordpress\/ -->\n<title>Politique de confidentialit\u00e9 - Used Oil Management Associations of Canada (UOMA)<\/title>\n<meta name=\"description\" content=\"Lire la politique de confidentialit\u00e9 du site web de la Used Oil Management Association (UOMA).\" \/>\n<meta name=\"robots\" content=\"index, follow, max-snippet:-1, max-image-preview:large, max-video-preview:-1\" \/>\n<link rel=\"canonical\" href=\"https:\/\/usedoilrecycling.com\/fr\/politique-de-confidentialite\/\" \/>\n<meta property=\"og:locale\" content=\"fr_FR\" \/>\n<meta property=\"og:type\" content=\"article\" \/>\n<meta property=\"og:title\" content=\"Politique de confidentialit\u00e9 - Used Oil Management Associations of Canada (UOMA)\" \/>\n<meta property=\"og:description\" content=\"Lire la politique de confidentialit\u00e9 du site web de la Used Oil Management Association (UOMA).\" \/>\n<meta property=\"og:url\" content=\"https:\/\/usedoilrecycling.com\/fr\/politique-de-confidentialite\/\" \/>\n<meta property=\"og:site_name\" content=\"Used Oil Management Associations of Canada (UOMA)\" \/>\n<meta property=\"article:modified_time\" content=\"2024-09-30T13:48:34+00:00\" \/>\n<meta property=\"og:image\" content=\"https:\/\/usedoilrecycling.com\/wp-content\/uploads\/2022\/07\/header-01b.jpg\" \/>\n\t<meta property=\"og:image:width\" content=\"1024\" \/>\n\t<meta property=\"og:image:height\" content=\"435\" \/>\n\t<meta property=\"og:image:type\" content=\"image\/jpeg\" \/>\n<meta name=\"twitter:card\" content=\"summary_large_image\" \/>\n<meta name=\"twitter:label1\" content=\"Dur\u00e9e de lecture estim\u00e9e\" \/>\n\t<meta name=\"twitter:data1\" content=\"4 minutes\" \/>\n<script type=\"application\/ld+json\" class=\"yoast-schema-graph\">{\"@context\":\"https:\\\/\\\/schema.org\",\"@graph\":[{\"@type\":\"WebPage\",\"@id\":\"https:\\\/\\\/usedoilrecycling.com\\\/fr\\\/politique-de-confidentialite\\\/\",\"url\":\"https:\\\/\\\/usedoilrecycling.com\\\/fr\\\/politique-de-confidentialite\\\/\",\"name\":\"Politique de confidentialit\u00e9 - Used Oil Management Associations of Canada (UOMA)\",\"isPartOf\":{\"@id\":\"https:\\\/\\\/usedoilrecycling.com\\\/#website\"},\"primaryImageOfPage\":{\"@id\":\"https:\\\/\\\/usedoilrecycling.com\\\/fr\\\/politique-de-confidentialite\\\/#primaryimage\"},\"image\":{\"@id\":\"https:\\\/\\\/usedoilrecycling.com\\\/fr\\\/politique-de-confidentialite\\\/#primaryimage\"},\"thumbnailUrl\":\"https:\\\/\\\/usedoilrecycling.com\\\/wp-content\\\/uploads\\\/2022\\\/07\\\/header-01b.jpg\",\"datePublished\":\"2022-01-10T14:14:42+00:00\",\"dateModified\":\"2024-09-30T13:48:34+00:00\",\"description\":\"Lire la politique de confidentialit\u00e9 du site web de la Used Oil Management Association (UOMA).\",\"breadcrumb\":{\"@id\":\"https:\\\/\\\/usedoilrecycling.com\\\/fr\\\/politique-de-confidentialite\\\/#breadcrumb\"},\"inLanguage\":\"fr-FR\",\"potentialAction\":[{\"@type\":\"ReadAction\",\"target\":[\"https:\\\/\\\/usedoilrecycling.com\\\/fr\\\/politique-de-confidentialite\\\/\"]}]},{\"@type\":\"ImageObject\",\"inLanguage\":\"fr-FR\",\"@id\":\"https:\\\/\\\/usedoilrecycling.com\\\/fr\\\/politique-de-confidentialite\\\/#primaryimage\",\"url\":\"https:\\\/\\\/usedoilrecycling.com\\\/wp-content\\\/uploads\\\/2022\\\/07\\\/header-01b.jpg\",\"contentUrl\":\"https:\\\/\\\/usedoilrecycling.com\\\/wp-content\\\/uploads\\\/2022\\\/07\\\/header-01b.jpg\",\"width\":1024,\"height\":435,\"caption\":\"Header Image\"},{\"@type\":\"BreadcrumbList\",\"@id\":\"https:\\\/\\\/usedoilrecycling.com\\\/fr\\\/politique-de-confidentialite\\\/#breadcrumb\",\"itemListElement\":[{\"@type\":\"ListItem\",\"position\":1,\"name\":\"Home\",\"item\":\"https:\\\/\\\/usedoilrecycling.com\\\/fr\\\/\"},{\"@type\":\"ListItem\",\"position\":2,\"name\":\"Politique de confidentialit\u00e9\"}]},{\"@type\":\"WebSite\",\"@id\":\"https:\\\/\\\/usedoilrecycling.com\\\/#website\",\"url\":\"https:\\\/\\\/usedoilrecycling.com\\\/\",\"name\":\"Used Oil Management Associations of Canada (UOMA)\",\"description\":\"\",\"publisher\":{\"@id\":\"https:\\\/\\\/usedoilrecycling.com\\\/#organization\"},\"potentialAction\":[{\"@type\":\"SearchAction\",\"target\":{\"@type\":\"EntryPoint\",\"urlTemplate\":\"https:\\\/\\\/usedoilrecycling.com\\\/?s={search_term_string}\"},\"query-input\":{\"@type\":\"PropertyValueSpecification\",\"valueRequired\":true,\"valueName\":\"search_term_string\"}}],\"inLanguage\":\"fr-FR\"},{\"@type\":\"Organization\",\"@id\":\"https:\\\/\\\/usedoilrecycling.com\\\/#organization\",\"name\":\"Used Oil Management Associations of Canada (UOMA)\",\"url\":\"https:\\\/\\\/usedoilrecycling.com\\\/\",\"logo\":{\"@type\":\"ImageObject\",\"inLanguage\":\"fr-FR\",\"@id\":\"https:\\\/\\\/usedoilrecycling.com\\\/#\\\/schema\\\/logo\\\/image\\\/\",\"url\":\"https:\\\/\\\/usedoilrecycling.com\\\/wp-content\\\/uploads\\\/2024\\\/04\\\/uoma-logo-retina.png\",\"contentUrl\":\"https:\\\/\\\/usedoilrecycling.com\\\/wp-content\\\/uploads\\\/2024\\\/04\\\/uoma-logo-retina.png\",\"width\":450,\"height\":145,\"caption\":\"Used Oil Management Associations of Canada (UOMA)\"},\"image\":{\"@id\":\"https:\\\/\\\/usedoilrecycling.com\\\/#\\\/schema\\\/logo\\\/image\\\/\"}}]}<\/script>\n<!-- \/ Yoast SEO plugin. -->","yoast_head_json":{"title":"Politique de confidentialit\u00e9 - Used Oil Management Associations of Canada (UOMA)","description":"Lire la politique de confidentialit\u00e9 du site web de la Used Oil Management Association (UOMA).","robots":{"index":"index","follow":"follow","max-snippet":"max-snippet:-1","max-image-preview":"max-image-preview:large","max-video-preview":"max-video-preview:-1"},"canonical":"https:\/\/usedoilrecycling.com\/fr\/politique-de-confidentialite\/","og_locale":"fr_FR","og_type":"article","og_title":"Politique de confidentialit\u00e9 - Used Oil Management Associations of Canada (UOMA)","og_description":"Lire la politique de confidentialit\u00e9 du site web de la Used Oil Management Association (UOMA).","og_url":"https:\/\/usedoilrecycling.com\/fr\/politique-de-confidentialite\/","og_site_name":"Used Oil Management Associations of Canada (UOMA)","article_modified_time":"2024-09-30T13:48:34+00:00","og_image":[{"width":1024,"height":435,"url":"https:\/\/usedoilrecycling.com\/wp-content\/uploads\/2022\/07\/header-01b.jpg","type":"image\/jpeg"}],"twitter_card":"summary_large_image","twitter_misc":{"Dur\u00e9e de lecture estim\u00e9e":"4 minutes"},"schema":{"@context":"https:\/\/schema.org","@graph":[{"@type":"WebPage","@id":"https:\/\/usedoilrecycling.com\/fr\/politique-de-confidentialite\/","url":"https:\/\/usedoilrecycling.com\/fr\/politique-de-confidentialite\/","name":"Politique de confidentialit\u00e9 - Used Oil Management Associations of Canada (UOMA)","isPartOf":{"@id":"https:\/\/usedoilrecycling.com\/#website"},"primaryImageOfPage":{"@id":"https:\/\/usedoilrecycling.com\/fr\/politique-de-confidentialite\/#primaryimage"},"image":{"@id":"https:\/\/usedoilrecycling.com\/fr\/politique-de-confidentialite\/#primaryimage"},"thumbnailUrl":"https:\/\/usedoilrecycling.com\/wp-content\/uploads\/2022\/07\/header-01b.jpg","datePublished":"2022-01-10T14:14:42+00:00","dateModified":"2024-09-30T13:48:34+00:00","description":"Lire la politique de confidentialit\u00e9 du site web de la Used Oil Management Association (UOMA).","breadcrumb":{"@id":"https:\/\/usedoilrecycling.com\/fr\/politique-de-confidentialite\/#breadcrumb"},"inLanguage":"fr-FR","potentialAction":[{"@type":"ReadAction","target":["https:\/\/usedoilrecycling.com\/fr\/politique-de-confidentialite\/"]}]},{"@type":"ImageObject","inLanguage":"fr-FR","@id":"https:\/\/usedoilrecycling.com\/fr\/politique-de-confidentialite\/#primaryimage","url":"https:\/\/usedoilrecycling.com\/wp-content\/uploads\/2022\/07\/header-01b.jpg","contentUrl":"https:\/\/usedoilrecycling.com\/wp-content\/uploads\/2022\/07\/header-01b.jpg","width":1024,"height":435,"caption":"Header Image"},{"@type":"BreadcrumbList","@id":"https:\/\/usedoilrecycling.com\/fr\/politique-de-confidentialite\/#breadcrumb","itemListElement":[{"@type":"ListItem","position":1,"name":"Home","item":"https:\/\/usedoilrecycling.com\/fr\/"},{"@type":"ListItem","position":2,"name":"Politique de confidentialit\u00e9"}]},{"@type":"WebSite","@id":"https:\/\/usedoilrecycling.com\/#website","url":"https:\/\/usedoilrecycling.com\/","name":"Used Oil Management Associations of Canada (UOMA)","description":"","publisher":{"@id":"https:\/\/usedoilrecycling.com\/#organization"},"potentialAction":[{"@type":"SearchAction","target":{"@type":"EntryPoint","urlTemplate":"https:\/\/usedoilrecycling.com\/?s={search_term_string}"},"query-input":{"@type":"PropertyValueSpecification","valueRequired":true,"valueName":"search_term_string"}}],"inLanguage":"fr-FR"},{"@type":"Organization","@id":"https:\/\/usedoilrecycling.com\/#organization","name":"Used Oil Management Associations of Canada (UOMA)","url":"https:\/\/usedoilrecycling.com\/","logo":{"@type":"ImageObject","inLanguage":"fr-FR","@id":"https:\/\/usedoilrecycling.com\/#\/schema\/logo\/image\/","url":"https:\/\/usedoilrecycling.com\/wp-content\/uploads\/2024\/04\/uoma-logo-retina.png","contentUrl":"https:\/\/usedoilrecycling.com\/wp-content\/uploads\/2024\/04\/uoma-logo-retina.png","width":450,"height":145,"caption":"Used Oil Management Associations of Canada (UOMA)"},"image":{"@id":"https:\/\/usedoilrecycling.com\/#\/schema\/logo\/image\/"}}]}},"_links":{"self":[{"href":"https:\/\/usedoilrecycling.com\/fr\/wp-json\/wp\/v2\/pages\/18856","targetHints":{"allow":["GET"]}}],"collection":[{"href":"https:\/\/usedoilrecycling.com\/fr\/wp-json\/wp\/v2\/pages"}],"about":[{"href":"https:\/\/usedoilrecycling.com\/fr\/wp-json\/wp\/v2\/types\/page"}],"author":[{"embeddable":true,"href":"https:\/\/usedoilrecycling.com\/fr\/wp-json\/wp\/v2\/users\/1"}],"replies":[{"embeddable":true,"href":"https:\/\/usedoilrecycling.com\/fr\/wp-json\/wp\/v2\/comments?post=18856"}],"version-history":[{"count":7,"href":"https:\/\/usedoilrecycling.com\/fr\/wp-json\/wp\/v2\/pages\/18856\/revisions"}],"predecessor-version":[{"id":20231,"href":"https:\/\/usedoilrecycling.com\/fr\/wp-json\/wp\/v2\/pages\/18856\/revisions\/20231"}],"wp:featuredmedia":[{"embeddable":true,"href":"https:\/\/usedoilrecycling.com\/fr\/wp-json\/wp\/v2\/media\/18437"}],"wp:attachment":[{"href":"https:\/\/usedoilrecycling.com\/fr\/wp-json\/wp\/v2\/media?parent=18856"}],"curies":[{"name":"wp","href":"https:\/\/api.w.org\/{rel}","templated":true}]}}