{"id":19972,"date":"2024-06-06T14:23:40","date_gmt":"2024-06-06T18:23:40","guid":{"rendered":"https:\/\/usedoilrecycling.com\/?page_id=19972"},"modified":"2025-08-11T10:57:27","modified_gmt":"2025-08-11T14:57:27","slug":"yukon","status":"publish","type":"page","link":"https:\/\/usedoilrecycling.com\/fr\/yukon\/","title":{"rendered":"Yukon"},"content":{"rendered":"<p><div class=\"fusion-fullwidth fullwidth-box fusion-builder-row-1 fusion-flex-container nonhundred-percent-fullwidth non-hundred-percent-height-scrolling\" style=\"--awb-border-radius-top-left:0px;--awb-border-radius-top-right:0px;--awb-border-radius-bottom-right:0px;--awb-border-radius-bottom-left:0px;--awb-padding-bottom:0%;--awb-flex-wrap:wrap;\" ><div class=\"fusion-builder-row fusion-row fusion-flex-align-items-flex-start fusion-flex-content-wrap\" style=\"max-width:1430px;margin-left: calc(-4% \/ 2 );margin-right: calc(-4% \/ 2 );\"><div class=\"fusion-layout-column fusion_builder_column fusion-builder-column-0 fusion_builder_column_1_1 1_1 fusion-flex-column fusion-no-large-visibility\" style=\"--awb-bg-size:cover;--awb-width-large:100%;--awb-margin-top-large:0px;--awb-spacing-right-large:1.92%;--awb-margin-bottom-large:0px;--awb-spacing-left-large:1.92%;--awb-width-medium:100%;--awb-spacing-right-medium:1.92%;--awb-spacing-left-medium:1.92%;--awb-width-small:100%;--awb-spacing-right-small:1.92%;--awb-spacing-left-small:1.92%;\"><div class=\"fusion-column-wrapper fusion-column-has-shadow fusion-flex-justify-content-flex-start fusion-content-layout-column\"><div class=\"fusion-separator fusion-full-width-sep\" style=\"align-self: center;margin-left: auto;margin-right: auto;margin-bottom:3%;width:100%;\"><\/div><\/div><\/div><div class=\"fusion-layout-column fusion_builder_column fusion-builder-column-1 fusion_builder_column_2_5 2_5 fusion-flex-column fusion-animated\" style=\"--awb-padding-right:0%;--awb-bg-size:cover;--awb-width-large:40%;--awb-margin-top-large:0px;--awb-spacing-right-large:5.76%;--awb-margin-bottom-large:8%;--awb-spacing-left-large:4.8%;--awb-width-medium:100%;--awb-spacing-right-medium:1.92%;--awb-spacing-left-medium:1.92%;--awb-width-small:100%;--awb-spacing-right-small:1.92%;--awb-spacing-left-small:1.92%;\" data-animationType=\"fadeInUp\" data-animationDuration=\"1.0\" data-animationOffset=\"top-into-view\"><div class=\"fusion-column-wrapper fusion-column-has-shadow fusion-flex-justify-content-flex-start fusion-content-layout-column\"><div class=\"fusion-image-element \" style=\"--awb-caption-title-font-family:var(--h2_typography-font-family);--awb-caption-title-font-weight:var(--h2_typography-font-weight);--awb-caption-title-font-style:var(--h2_typography-font-style);--awb-caption-title-size:var(--h2_typography-font-size);--awb-caption-title-transform:var(--h2_typography-text-transform);--awb-caption-title-line-height:var(--h2_typography-line-height);--awb-caption-title-letter-spacing:var(--h2_typography-letter-spacing);\"><span class=\" fusion-imageframe imageframe-none imageframe-1 hover-type-none\"><a class=\"fusion-no-lightbox\" href=\"https:\/\/interchangerecycling.com\/yukon\/\" target=\"_blank\" aria-label=\"interchange-recycling-logo\" rel=\"noopener noreferrer\"><img decoding=\"async\" width=\"360\" height=\"116\" alt=\"Interchange Recycling Logo\" src=\"https:\/\/usedoilrecycling.com\/wp-content\/uploads\/2023\/06\/interchange-recycling-logo.png\" data-orig-src=\"https:\/\/usedoilrecycling.com\/wp-content\/uploads\/2023\/06\/interchange-recycling-logo.png\" class=\"lazyload img-responsive wp-image-19549\" srcset=\"data:image\/svg+xml,%3Csvg%20xmlns%3D%27http%3A%2F%2Fwww.w3.org%2F2000%2Fsvg%27%20width%3D%27360%27%20height%3D%27116%27%20viewBox%3D%270%200%20360%20116%27%3E%3Crect%20width%3D%27360%27%20height%3D%27116%27%20fill-opacity%3D%220%22%2F%3E%3C%2Fsvg%3E\" data-srcset=\"https:\/\/usedoilrecycling.com\/wp-content\/uploads\/2023\/06\/interchange-recycling-logo-200x64.png 200w, https:\/\/usedoilrecycling.com\/wp-content\/uploads\/2023\/06\/interchange-recycling-logo.png 360w\" data-sizes=\"auto\" data-orig-sizes=\"(max-width: 1024px) 100vw, (max-width: 640px) 100vw, 360px\" \/><\/a><\/span><\/div><div class=\"fusion-separator fusion-full-width-sep\" style=\"align-self: center;margin-left: auto;margin-right: auto;margin-bottom:5%;width:100%;\"><\/div><div class=\"fusion-separator fusion-full-width-sep\" style=\"align-self: center;margin-left: auto;margin-right: auto;margin-bottom:3%;width:100%;\"><\/div><div class=\"fusion-title title fusion-title-1 fusion-sep-none fusion-title-text fusion-title-size-two\" style=\"--awb-margin-bottom:2%;--awb-margin-top-small:0px;--awb-margin-right-small:0px;--awb-margin-bottom-small:20px;--awb-margin-left-small:0px;\"><h2 class=\"fusion-title-heading title-heading-left fusion-responsive-typography-calculated\" style=\"margin:0;--fontSize:31;line-height:var(--awb-typography1-line-height);\">Besoin d\u2019information ?<\/h2><\/div><ul style=\"--awb-size:18px;--awb-line-height:30.6px;--awb-icon-width:30.6px;--awb-icon-height:30.6px;--awb-icon-margin:12.6px;--awb-content-margin:43.2px;\" class=\"fusion-checklist fusion-checklist-1 fusion-checklist-default type-icons\"><li class=\"fusion-li-item\" style=\"\"><span class=\"icon-wrapper circle-no\"><i class=\"fusion-li-icon fa-desktop fas\" aria-hidden=\"true\"><\/i><\/span><div class=\"fusion-li-item-content\">\n<p><a href=\"https:\/\/interchangerecycling.com\" target=\"_blank\" rel=\"noopener\">interchangerecycling.com<\/a><\/p>\n<\/div><\/li><li class=\"fusion-li-item\" style=\"\"><span class=\"icon-wrapper circle-no\"><i class=\"fusion-li-icon restaurant-mobile\" aria-hidden=\"true\"><\/i><\/span><div class=\"fusion-li-item-content\">\n<p>1-844-722-8662<\/p>\n<\/div><\/li><\/ul><div class=\"fusion-separator fusion-full-width-sep\" style=\"align-self: center;margin-left: auto;margin-right: auto;margin-bottom:5%;width:100%;\"><\/div><div class=\"fusion-separator fusion-full-width-sep\" style=\"align-self: center;margin-left: auto;margin-right: auto;margin-bottom:3%;width:100%;\"><\/div><div class=\"fusion-social-links fusion-social-links-1\" style=\"--awb-margin-top:0px;--awb-margin-right:0px;--awb-margin-bottom:0px;--awb-margin-left:0px;--awb-alignment:left;--awb-box-border-top:0px;--awb-box-border-right:0px;--awb-box-border-bottom:0px;--awb-box-border-left:0px;--awb-icon-colors-hover:rgba(255,255,255,0.8);--awb-box-colors-hover:rgba(0,0,0,0.8);--awb-box-border-color:var(--awb-color3);--awb-box-border-color-hover:var(--awb-color4);\"><div class=\"fusion-social-networks boxed-icons color-type-custom\"><div class=\"fusion-social-networks-wrapper\"><a class=\"fusion-social-network-icon fusion-tooltip fusion-facebook awb-icon-facebook\" style=\"color:var(--awb-color1);font-size:15px;width:15px;background-color:var(--awb-color8);border-color:var(--awb-color8);border-radius:30px;\" data-placement=\"top\" data-title=\"Facebook\" data-toggle=\"tooltip\" title=\"Facebook\" aria-label=\"facebook\" target=\"_blank\" rel=\"noopener noreferrer\" href=\"https:\/\/www.facebook.com\/interchangerecycling\"><\/a><a class=\"fusion-social-network-icon fusion-tooltip fusion-twitter awb-icon-twitter\" style=\"color:var(--awb-color1);font-size:15px;width:15px;background-color:var(--awb-color8);border-color:var(--awb-color8);border-radius:30px;\" data-placement=\"top\" data-title=\"X\" data-toggle=\"tooltip\" title=\"X\" aria-label=\"twitter\" target=\"_blank\" rel=\"noopener noreferrer\" href=\"https:\/\/twitter.com\/interchangerec\/\"><\/a><a class=\"fusion-social-network-icon fusion-tooltip fusion-instagram awb-icon-instagram\" style=\"color:var(--awb-color1);font-size:15px;width:15px;background-color:var(--awb-color8);border-color:var(--awb-color8);border-radius:30px;\" data-placement=\"top\" data-title=\"Instagram\" data-toggle=\"tooltip\" title=\"Instagram\" aria-label=\"instagram\" target=\"_blank\" rel=\"noopener noreferrer\" href=\"https:\/\/www.instagram.com\/interchangerecycling\/\"><\/a><a class=\"fusion-social-network-icon fusion-tooltip fusion-youtube awb-icon-youtube\" style=\"color:var(--awb-color1);font-size:15px;width:15px;background-color:var(--awb-color8);border-color:var(--awb-color8);border-radius:30px;\" data-placement=\"top\" data-title=\"YouTube\" data-toggle=\"tooltip\" title=\"YouTube\" aria-label=\"youtube\" target=\"_blank\" rel=\"noopener noreferrer\" href=\"https:\/\/www.youtube.com\/@interchangerecycling\"><\/a><a class=\"fusion-social-network-icon fusion-tooltip fusion-linkedin awb-icon-linkedin\" style=\"color:var(--awb-color1);font-size:15px;width:15px;background-color:var(--awb-color8);border-color:var(--awb-color8);border-radius:30px;\" data-placement=\"top\" data-title=\"LinkedIn\" data-toggle=\"tooltip\" title=\"LinkedIn\" aria-label=\"linkedin\" target=\"_blank\" rel=\"noopener noreferrer\" href=\"https:\/\/www.linkedin.com\/company\/interchangerecycling\"><\/a><\/div><\/div><\/div><div class=\"fusion-separator fusion-full-width-sep\" style=\"align-self: center;margin-left: auto;margin-right: auto;margin-bottom:3%;width:100%;\"><\/div><\/div><\/div><div class=\"fusion-layout-column fusion_builder_column fusion-builder-column-2 fusion_builder_column_3_5 3_5 fusion-flex-column fusion-animated\" style=\"--awb-bg-size:cover;--awb-width-large:60%;--awb-margin-top-large:0px;--awb-spacing-right-large:3.2%;--awb-margin-bottom-large:0px;--awb-spacing-left-large:5.76%;--awb-width-medium:100%;--awb-order-medium:0;--awb-spacing-right-medium:1.92%;--awb-spacing-left-medium:1.92%;--awb-width-small:100%;--awb-order-small:0;--awb-spacing-right-small:1.92%;--awb-spacing-left-small:1.92%;\" data-animationType=\"fadeIn\" data-animationDuration=\"1.0\" data-animationOffset=\"top-into-view\"><div class=\"fusion-column-wrapper fusion-column-has-shadow fusion-flex-justify-content-flex-start fusion-content-layout-column\"><div class=\"fusion-text fusion-text-1\" style=\"--awb-text-transform:none;\"><p>Au 1er ao\u00fbt 2025, le programme d&rsquo;Interchange Recycling est officiellement entr\u00e9 en vigueur au Yukon, \u00e0 la suite de l&rsquo;approbation du plan de Responsabilit\u00e9 \u00c9largie des Producteurs (REP) d&rsquo;Interchange par l\u2019Environmental Protection and Assessment Branch du Yukon.<\/p>\n<p>Ce programme s\u2019assure que les produits tels que les huiles lubrifiantes, les antigels, les fluides d\u2019\u00e9chappement diesel, les filtres \u00e0 huile et les contenants automobiles provenant du territoire seront r\u00e9cup\u00e9r\u00e9s et g\u00e9r\u00e9s de fa\u00e7on responsable en fin de vie.<\/p>\n<p>Interchange travaille en \u00e9troite collaboration avec des partenaires locaux pour \u00e9tablir des services de collecte accessibles, incluant un point de d\u00e9p\u00f4t permanent ouvert au public \u00e0 Whitehorse. Ces efforts soutiennent les entreprises, consommateurs, et acteurs de l\u2019industrie en leur offrant des options de recyclage concr\u00e8tes et en aidant \u00e0 d\u00e9tourner les mat\u00e9riaux vis\u00e9s des d\u00e9charges de mani\u00e8re \u00e9coresponsable.<\/p>\n<p>Toutes les entreprises faisant affaire au Yukon sont encourag\u00e9es \u00e0 s\u2019inscrire aupr\u00e8s d\u2019Interchange Recycling Yukon en remplissant <a href=\"https:\/\/interchangerecycling.com\/wp-content\/uploads\/2024\/11\/Interchange-Yukon-Participation-Agreement-June-2024-No-Appendix.pdf\" target=\"_blank\" rel=\"noopener\">la convention des membres<\/a> (disponible en anglais seulement) et en la soumettant au <a href=\"mailto:accounting@interchangerecycling.com\">accounting@interchangerecycling.com<\/a>.<\/p>\n<p>Pour plus de renseignements, veuillez consulter le site web d\u2019<a href=\"https:\/\/interchangerecycling.com\/yukon\/\" target=\"_blank\" rel=\"noopener\">Interchange Recycling Yukon<\/a>.<\/p>\n<\/div><div ><a class=\"fusion-button button-flat fusion-button-default-size button-default fusion-button-default button-1 fusion-button-default-span fusion-button-default-type\" target=\"_blank\" rel=\"noopener noreferrer\" href=\"https:\/\/interchangerecycling.com\/yukon\/\"><span class=\"fusion-button-text awb-button__text awb-button__text--default\">CONSULTEZ LE SITE WEB<\/span><\/a><\/div><div class=\"fusion-separator fusion-full-width-sep\" style=\"align-self: center;margin-left: auto;margin-right: auto;margin-bottom:40px;width:100%;\"><\/div><div class=\"fusion-text fusion-text-2\" style=\"--awb-text-transform:none;\"><p>Pour une liste compl\u00e8te des produits vis\u00e9s dans cette province, <a href=\"https:\/\/interchangerecycling.com\/yukon\/\" target=\"_blank\" rel=\"noopener\">veuillez consulter le site web de l\u2019organisme<\/a>.<\/p>\n<\/div><\/div><\/div><\/div><\/div><\/p>\n","protected":false},"excerpt":{"rendered":"","protected":false},"author":1,"featured_media":20408,"parent":0,"menu_order":0,"comment_status":"closed","ping_status":"closed","template":"100-width.php","meta":{"footnotes":""},"class_list":["post-19972","page","type-page","status-publish","has-post-thumbnail","hentry"],"yoast_head":"<!-- This site is optimized with the Yoast SEO plugin v27.3 - https:\/\/yoast.com\/product\/yoast-seo-wordpress\/ -->\n<title>Yukon - Used Oil Management Associations of Canada (UOMA)<\/title>\n<meta name=\"robots\" content=\"index, follow, max-snippet:-1, max-image-preview:large, max-video-preview:-1\" \/>\n<link rel=\"canonical\" href=\"https:\/\/usedoilrecycling.com\/fr\/yukon\/\" \/>\n<meta property=\"og:locale\" content=\"fr_FR\" \/>\n<meta property=\"og:type\" content=\"article\" \/>\n<meta property=\"og:title\" content=\"Yukon - Used Oil Management Associations of Canada (UOMA)\" \/>\n<meta property=\"og:url\" content=\"https:\/\/usedoilrecycling.com\/fr\/yukon\/\" \/>\n<meta property=\"og:site_name\" content=\"Used Oil Management Associations of Canada (UOMA)\" \/>\n<meta property=\"article:modified_time\" content=\"2025-08-11T14:57:27+00:00\" \/>\n<meta property=\"og:image\" content=\"https:\/\/usedoilrecycling.com\/wp-content\/uploads\/2025\/02\/yukon-header-v2.jpg\" \/>\n\t<meta property=\"og:image:width\" content=\"1024\" \/>\n\t<meta property=\"og:image:height\" content=\"435\" \/>\n\t<meta property=\"og:image:type\" content=\"image\/jpeg\" \/>\n<meta name=\"twitter:card\" content=\"summary_large_image\" \/>\n<meta name=\"twitter:label1\" content=\"Dur\u00e9e de lecture estim\u00e9e\" \/>\n\t<meta name=\"twitter:data1\" content=\"2 minutes\" \/>\n<script type=\"application\/ld+json\" class=\"yoast-schema-graph\">{\"@context\":\"https:\\\/\\\/schema.org\",\"@graph\":[{\"@type\":\"WebPage\",\"@id\":\"https:\\\/\\\/usedoilrecycling.com\\\/fr\\\/yukon\\\/\",\"url\":\"https:\\\/\\\/usedoilrecycling.com\\\/fr\\\/yukon\\\/\",\"name\":\"Yukon - Used Oil Management Associations of Canada (UOMA)\",\"isPartOf\":{\"@id\":\"https:\\\/\\\/usedoilrecycling.com\\\/#website\"},\"primaryImageOfPage\":{\"@id\":\"https:\\\/\\\/usedoilrecycling.com\\\/fr\\\/yukon\\\/#primaryimage\"},\"image\":{\"@id\":\"https:\\\/\\\/usedoilrecycling.com\\\/fr\\\/yukon\\\/#primaryimage\"},\"thumbnailUrl\":\"https:\\\/\\\/usedoilrecycling.com\\\/wp-content\\\/uploads\\\/2025\\\/02\\\/yukon-header-v2.jpg\",\"datePublished\":\"2024-06-06T18:23:40+00:00\",\"dateModified\":\"2025-08-11T14:57:27+00:00\",\"breadcrumb\":{\"@id\":\"https:\\\/\\\/usedoilrecycling.com\\\/fr\\\/yukon\\\/#breadcrumb\"},\"inLanguage\":\"fr-FR\",\"potentialAction\":[{\"@type\":\"ReadAction\",\"target\":[\"https:\\\/\\\/usedoilrecycling.com\\\/fr\\\/yukon\\\/\"]}]},{\"@type\":\"ImageObject\",\"inLanguage\":\"fr-FR\",\"@id\":\"https:\\\/\\\/usedoilrecycling.com\\\/fr\\\/yukon\\\/#primaryimage\",\"url\":\"https:\\\/\\\/usedoilrecycling.com\\\/wp-content\\\/uploads\\\/2025\\\/02\\\/yukon-header-v2.jpg\",\"contentUrl\":\"https:\\\/\\\/usedoilrecycling.com\\\/wp-content\\\/uploads\\\/2025\\\/02\\\/yukon-header-v2.jpg\",\"width\":1024,\"height\":435,\"caption\":\"Yukon\"},{\"@type\":\"BreadcrumbList\",\"@id\":\"https:\\\/\\\/usedoilrecycling.com\\\/fr\\\/yukon\\\/#breadcrumb\",\"itemListElement\":[{\"@type\":\"ListItem\",\"position\":1,\"name\":\"Home\",\"item\":\"https:\\\/\\\/usedoilrecycling.com\\\/fr\\\/\"},{\"@type\":\"ListItem\",\"position\":2,\"name\":\"Yukon\"}]},{\"@type\":\"WebSite\",\"@id\":\"https:\\\/\\\/usedoilrecycling.com\\\/#website\",\"url\":\"https:\\\/\\\/usedoilrecycling.com\\\/\",\"name\":\"Used Oil Management Associations of Canada (UOMA)\",\"description\":\"\",\"publisher\":{\"@id\":\"https:\\\/\\\/usedoilrecycling.com\\\/#organization\"},\"potentialAction\":[{\"@type\":\"SearchAction\",\"target\":{\"@type\":\"EntryPoint\",\"urlTemplate\":\"https:\\\/\\\/usedoilrecycling.com\\\/?s={search_term_string}\"},\"query-input\":{\"@type\":\"PropertyValueSpecification\",\"valueRequired\":true,\"valueName\":\"search_term_string\"}}],\"inLanguage\":\"fr-FR\"},{\"@type\":\"Organization\",\"@id\":\"https:\\\/\\\/usedoilrecycling.com\\\/#organization\",\"name\":\"Used Oil Management Associations of Canada (UOMA)\",\"url\":\"https:\\\/\\\/usedoilrecycling.com\\\/\",\"logo\":{\"@type\":\"ImageObject\",\"inLanguage\":\"fr-FR\",\"@id\":\"https:\\\/\\\/usedoilrecycling.com\\\/#\\\/schema\\\/logo\\\/image\\\/\",\"url\":\"https:\\\/\\\/usedoilrecycling.com\\\/wp-content\\\/uploads\\\/2024\\\/04\\\/uoma-logo-retina.png\",\"contentUrl\":\"https:\\\/\\\/usedoilrecycling.com\\\/wp-content\\\/uploads\\\/2024\\\/04\\\/uoma-logo-retina.png\",\"width\":450,\"height\":145,\"caption\":\"Used Oil Management Associations of Canada (UOMA)\"},\"image\":{\"@id\":\"https:\\\/\\\/usedoilrecycling.com\\\/#\\\/schema\\\/logo\\\/image\\\/\"}}]}<\/script>\n<!-- \/ Yoast SEO plugin. -->","yoast_head_json":{"title":"Yukon - Used Oil Management Associations of Canada (UOMA)","robots":{"index":"index","follow":"follow","max-snippet":"max-snippet:-1","max-image-preview":"max-image-preview:large","max-video-preview":"max-video-preview:-1"},"canonical":"https:\/\/usedoilrecycling.com\/fr\/yukon\/","og_locale":"fr_FR","og_type":"article","og_title":"Yukon - Used Oil Management Associations of Canada (UOMA)","og_url":"https:\/\/usedoilrecycling.com\/fr\/yukon\/","og_site_name":"Used Oil Management Associations of Canada (UOMA)","article_modified_time":"2025-08-11T14:57:27+00:00","og_image":[{"width":1024,"height":435,"url":"https:\/\/usedoilrecycling.com\/wp-content\/uploads\/2025\/02\/yukon-header-v2.jpg","type":"image\/jpeg"}],"twitter_card":"summary_large_image","twitter_misc":{"Dur\u00e9e de lecture estim\u00e9e":"2 minutes"},"schema":{"@context":"https:\/\/schema.org","@graph":[{"@type":"WebPage","@id":"https:\/\/usedoilrecycling.com\/fr\/yukon\/","url":"https:\/\/usedoilrecycling.com\/fr\/yukon\/","name":"Yukon - Used Oil Management Associations of Canada (UOMA)","isPartOf":{"@id":"https:\/\/usedoilrecycling.com\/#website"},"primaryImageOfPage":{"@id":"https:\/\/usedoilrecycling.com\/fr\/yukon\/#primaryimage"},"image":{"@id":"https:\/\/usedoilrecycling.com\/fr\/yukon\/#primaryimage"},"thumbnailUrl":"https:\/\/usedoilrecycling.com\/wp-content\/uploads\/2025\/02\/yukon-header-v2.jpg","datePublished":"2024-06-06T18:23:40+00:00","dateModified":"2025-08-11T14:57:27+00:00","breadcrumb":{"@id":"https:\/\/usedoilrecycling.com\/fr\/yukon\/#breadcrumb"},"inLanguage":"fr-FR","potentialAction":[{"@type":"ReadAction","target":["https:\/\/usedoilrecycling.com\/fr\/yukon\/"]}]},{"@type":"ImageObject","inLanguage":"fr-FR","@id":"https:\/\/usedoilrecycling.com\/fr\/yukon\/#primaryimage","url":"https:\/\/usedoilrecycling.com\/wp-content\/uploads\/2025\/02\/yukon-header-v2.jpg","contentUrl":"https:\/\/usedoilrecycling.com\/wp-content\/uploads\/2025\/02\/yukon-header-v2.jpg","width":1024,"height":435,"caption":"Yukon"},{"@type":"BreadcrumbList","@id":"https:\/\/usedoilrecycling.com\/fr\/yukon\/#breadcrumb","itemListElement":[{"@type":"ListItem","position":1,"name":"Home","item":"https:\/\/usedoilrecycling.com\/fr\/"},{"@type":"ListItem","position":2,"name":"Yukon"}]},{"@type":"WebSite","@id":"https:\/\/usedoilrecycling.com\/#website","url":"https:\/\/usedoilrecycling.com\/","name":"Used Oil Management Associations of Canada (UOMA)","description":"","publisher":{"@id":"https:\/\/usedoilrecycling.com\/#organization"},"potentialAction":[{"@type":"SearchAction","target":{"@type":"EntryPoint","urlTemplate":"https:\/\/usedoilrecycling.com\/?s={search_term_string}"},"query-input":{"@type":"PropertyValueSpecification","valueRequired":true,"valueName":"search_term_string"}}],"inLanguage":"fr-FR"},{"@type":"Organization","@id":"https:\/\/usedoilrecycling.com\/#organization","name":"Used Oil Management Associations of Canada (UOMA)","url":"https:\/\/usedoilrecycling.com\/","logo":{"@type":"ImageObject","inLanguage":"fr-FR","@id":"https:\/\/usedoilrecycling.com\/#\/schema\/logo\/image\/","url":"https:\/\/usedoilrecycling.com\/wp-content\/uploads\/2024\/04\/uoma-logo-retina.png","contentUrl":"https:\/\/usedoilrecycling.com\/wp-content\/uploads\/2024\/04\/uoma-logo-retina.png","width":450,"height":145,"caption":"Used Oil Management Associations of Canada (UOMA)"},"image":{"@id":"https:\/\/usedoilrecycling.com\/#\/schema\/logo\/image\/"}}]}},"_links":{"self":[{"href":"https:\/\/usedoilrecycling.com\/fr\/wp-json\/wp\/v2\/pages\/19972","targetHints":{"allow":["GET"]}}],"collection":[{"href":"https:\/\/usedoilrecycling.com\/fr\/wp-json\/wp\/v2\/pages"}],"about":[{"href":"https:\/\/usedoilrecycling.com\/fr\/wp-json\/wp\/v2\/types\/page"}],"author":[{"embeddable":true,"href":"https:\/\/usedoilrecycling.com\/fr\/wp-json\/wp\/v2\/users\/1"}],"replies":[{"embeddable":true,"href":"https:\/\/usedoilrecycling.com\/fr\/wp-json\/wp\/v2\/comments?post=19972"}],"version-history":[{"count":12,"href":"https:\/\/usedoilrecycling.com\/fr\/wp-json\/wp\/v2\/pages\/19972\/revisions"}],"predecessor-version":[{"id":20491,"href":"https:\/\/usedoilrecycling.com\/fr\/wp-json\/wp\/v2\/pages\/19972\/revisions\/20491"}],"wp:featuredmedia":[{"embeddable":true,"href":"https:\/\/usedoilrecycling.com\/fr\/wp-json\/wp\/v2\/media\/20408"}],"wp:attachment":[{"href":"https:\/\/usedoilrecycling.com\/fr\/wp-json\/wp\/v2\/media?parent=19972"}],"curies":[{"name":"wp","href":"https:\/\/api.w.org\/{rel}","templated":true}]}}