{"id":20127,"date":"2024-09-30T07:49:17","date_gmt":"2024-09-30T11:49:17","guid":{"rendered":"https:\/\/usedoilrecycling.com\/?page_id=20127"},"modified":"2024-09-30T08:16:16","modified_gmt":"2024-09-30T12:16:16","slug":"ontario","status":"publish","type":"page","link":"https:\/\/usedoilrecycling.com\/fr\/ontario\/","title":{"rendered":"Ontario (AMS)"},"content":{"rendered":"<p><div class=\"fusion-fullwidth fullwidth-box fusion-builder-row-1 fusion-flex-container nonhundred-percent-fullwidth non-hundred-percent-height-scrolling\" style=\"--awb-border-radius-top-left:0px;--awb-border-radius-top-right:0px;--awb-border-radius-bottom-right:0px;--awb-border-radius-bottom-left:0px;--awb-padding-bottom:0%;--awb-flex-wrap:wrap;\" ><div class=\"fusion-builder-row fusion-row fusion-flex-align-items-flex-start fusion-flex-content-wrap\" style=\"max-width:1430px;margin-left: calc(-4% \/ 2 );margin-right: calc(-4% \/ 2 );\"><div class=\"fusion-layout-column fusion_builder_column fusion-builder-column-0 fusion_builder_column_1_1 1_1 fusion-flex-column fusion-no-large-visibility\" style=\"--awb-bg-size:cover;--awb-width-large:100%;--awb-margin-top-large:0px;--awb-spacing-right-large:1.92%;--awb-margin-bottom-large:0px;--awb-spacing-left-large:1.92%;--awb-width-medium:100%;--awb-spacing-right-medium:1.92%;--awb-spacing-left-medium:1.92%;--awb-width-small:100%;--awb-spacing-right-small:1.92%;--awb-spacing-left-small:1.92%;\"><div class=\"fusion-column-wrapper fusion-column-has-shadow fusion-flex-justify-content-flex-start fusion-content-layout-column\"><div class=\"fusion-separator fusion-full-width-sep\" style=\"align-self: center;margin-left: auto;margin-right: auto;margin-bottom:3%;width:100%;\"><\/div><\/div><\/div><div class=\"fusion-layout-column fusion_builder_column fusion-builder-column-1 fusion_builder_column_2_5 2_5 fusion-flex-column fusion-animated\" style=\"--awb-padding-right:0%;--awb-bg-size:cover;--awb-width-large:40%;--awb-margin-top-large:0px;--awb-spacing-right-large:5.76%;--awb-margin-bottom-large:8%;--awb-spacing-left-large:4.8%;--awb-width-medium:100%;--awb-spacing-right-medium:1.92%;--awb-spacing-left-medium:1.92%;--awb-width-small:100%;--awb-spacing-right-small:1.92%;--awb-spacing-left-small:1.92%;\" data-animationType=\"fadeInUp\" data-animationDuration=\"1.0\" data-animationOffset=\"top-into-view\"><div class=\"fusion-column-wrapper fusion-column-has-shadow fusion-flex-justify-content-flex-start fusion-content-layout-column\"><div class=\"fusion-image-element \" style=\"--awb-caption-title-font-family:var(--h2_typography-font-family);--awb-caption-title-font-weight:var(--h2_typography-font-weight);--awb-caption-title-font-style:var(--h2_typography-font-style);--awb-caption-title-size:var(--h2_typography-font-size);--awb-caption-title-transform:var(--h2_typography-text-transform);--awb-caption-title-line-height:var(--h2_typography-line-height);--awb-caption-title-letter-spacing:var(--h2_typography-letter-spacing);\"><span class=\" fusion-imageframe imageframe-none imageframe-1 hover-type-none\"><a class=\"fusion-no-lightbox\" href=\"https:\/\/www.automotivematerialsstewardship.ca\" target=\"_blank\" aria-label=\"ams-ontario-logo\" rel=\"noopener noreferrer\"><img decoding=\"async\" width=\"350\" height=\"91\" alt=\"Automotive Materials Stewardship (AMS)\" src=\"https:\/\/usedoilrecycling.com\/wp-content\/uploads\/2024\/09\/ams-ontario-logo.png\" data-orig-src=\"https:\/\/usedoilrecycling.com\/wp-content\/uploads\/2024\/09\/ams-ontario-logo.png\" class=\"lazyload img-responsive wp-image-20131\" srcset=\"data:image\/svg+xml,%3Csvg%20xmlns%3D%27http%3A%2F%2Fwww.w3.org%2F2000%2Fsvg%27%20width%3D%27350%27%20height%3D%2791%27%20viewBox%3D%270%200%20350%2091%27%3E%3Crect%20width%3D%27350%27%20height%3D%2791%27%20fill-opacity%3D%220%22%2F%3E%3C%2Fsvg%3E\" data-srcset=\"https:\/\/usedoilrecycling.com\/wp-content\/uploads\/2024\/09\/ams-ontario-logo-200x52.png 200w, https:\/\/usedoilrecycling.com\/wp-content\/uploads\/2024\/09\/ams-ontario-logo.png 350w\" data-sizes=\"auto\" data-orig-sizes=\"(max-width: 1024px) 100vw, (max-width: 640px) 100vw, 350px\" \/><\/a><\/span><\/div><div class=\"fusion-separator fusion-full-width-sep\" style=\"align-self: center;margin-left: auto;margin-right: auto;margin-bottom:5%;width:100%;\"><\/div><div class=\"fusion-separator fusion-full-width-sep\" style=\"align-self: center;margin-left: auto;margin-right: auto;margin-bottom:3%;width:100%;\"><\/div><div class=\"fusion-title title fusion-title-1 fusion-sep-none fusion-title-text fusion-title-size-two\" style=\"--awb-margin-bottom:2%;--awb-margin-top-small:0px;--awb-margin-right-small:0px;--awb-margin-bottom-small:20px;--awb-margin-left-small:0px;\"><h2 class=\"fusion-title-heading title-heading-left fusion-responsive-typography-calculated\" style=\"margin:0;--fontSize:31;line-height:var(--awb-typography1-line-height);\">Besoin d\u2019information ?<\/h2><\/div><ul style=\"--awb-size:18px;--awb-line-height:30.6px;--awb-icon-width:30.6px;--awb-icon-height:30.6px;--awb-icon-margin:12.6px;--awb-content-margin:43.2px;\" class=\"fusion-checklist fusion-checklist-1 fusion-checklist-default type-icons\"><li class=\"fusion-li-item\" style=\"\"><span class=\"icon-wrapper circle-no\"><i class=\"fusion-li-icon fa-desktop fas\" aria-hidden=\"true\"><\/i><\/span><div class=\"fusion-li-item-content\"><a href=\"https:\/\/www.automotivematerialsstewardship.ca\" target=\"_blank\" rel=\"noopener\">autostewardship.ca<\/a><\/div><\/li><li class=\"fusion-li-item\" style=\"\"><span class=\"icon-wrapper circle-no\"><i class=\"fusion-li-icon restaurant-mobile\" aria-hidden=\"true\"><\/i><\/span><div class=\"fusion-li-item-content\">1-888-575-4870<\/div><\/li><\/ul><div class=\"fusion-separator fusion-full-width-sep\" style=\"align-self: center;margin-left: auto;margin-right: auto;margin-bottom:5%;width:100%;\"><\/div><div class=\"fusion-separator fusion-full-width-sep\" style=\"align-self: center;margin-left: auto;margin-right: auto;margin-bottom:3%;width:100%;\"><\/div><div class=\"fusion-social-links fusion-social-links-1\" style=\"--awb-margin-top:0px;--awb-margin-right:0px;--awb-margin-bottom:0px;--awb-margin-left:0px;--awb-alignment:left;--awb-box-border-top:0px;--awb-box-border-right:0px;--awb-box-border-bottom:0px;--awb-box-border-left:0px;--awb-icon-colors-hover:rgba(255,255,255,0.8);--awb-box-colors-hover:rgba(0,0,0,0.8);--awb-box-border-color:var(--awb-color3);--awb-box-border-color-hover:var(--awb-color4);\"><div class=\"fusion-social-networks boxed-icons color-type-custom\"><div class=\"fusion-social-networks-wrapper\"><a class=\"fusion-social-network-icon fusion-tooltip fusion-facebook awb-icon-facebook\" style=\"color:var(--awb-color1);font-size:15px;width:15px;background-color:var(--awb-color8);border-color:var(--awb-color8);border-radius:30px;\" data-placement=\"top\" data-title=\"Facebook\" data-toggle=\"tooltip\" title=\"Facebook\" aria-label=\"facebook\" target=\"_blank\" rel=\"noopener noreferrer\" href=\"https:\/\/www.facebook.com\/AutoStewardship\"><\/a><a class=\"fusion-social-network-icon fusion-tooltip fusion-twitter awb-icon-twitter\" style=\"color:var(--awb-color1);font-size:15px;width:15px;background-color:var(--awb-color8);border-color:var(--awb-color8);border-radius:30px;\" data-placement=\"top\" data-title=\"X\" data-toggle=\"tooltip\" title=\"X\" aria-label=\"twitter\" target=\"_blank\" rel=\"noopener noreferrer\" href=\"https:\/\/x.com\/AutoStewardship\"><\/a><\/div><\/div><\/div><div class=\"fusion-separator fusion-full-width-sep\" style=\"align-self: center;margin-left: auto;margin-right: auto;margin-bottom:3%;width:100%;\"><\/div><\/div><\/div><div class=\"fusion-layout-column fusion_builder_column fusion-builder-column-2 fusion_builder_column_3_5 3_5 fusion-flex-column fusion-animated\" style=\"--awb-bg-size:cover;--awb-width-large:60%;--awb-margin-top-large:0px;--awb-spacing-right-large:3.2%;--awb-margin-bottom-large:0px;--awb-spacing-left-large:5.76%;--awb-width-medium:100%;--awb-order-medium:0;--awb-spacing-right-medium:1.92%;--awb-spacing-left-medium:1.92%;--awb-width-small:100%;--awb-order-small:0;--awb-spacing-right-small:1.92%;--awb-spacing-left-small:1.92%;\" data-animationType=\"fadeIn\" data-animationDuration=\"1.0\" data-animationOffset=\"top-into-view\"><div class=\"fusion-column-wrapper fusion-column-has-shadow fusion-flex-justify-content-flex-start fusion-content-layout-column\"><div class=\"fusion-text fusion-text-1\" style=\"--awb-text-transform:none;\"><p>Automotive Materials Stewardship (AMS) est un organisme sans but lucratif visant \u00e0 permettre aux fabricants de contenants d\u2019huile et d\u2019antigel usag\u00e9s, de filtres \u00e0 huile et de contenants d\u2019huile vide \u00e0 atteindre leurs obligations r\u00e9glementaires en termes de recyclage.<\/p>\n<p>L&rsquo;AMS a \u00e9t\u00e9 fond\u00e9e par l\u2019industrie, pour l\u2019industrie, en pr\u00e9vision du passage de l\u2019Ontario \u00e0 la responsabilit\u00e9 \u00e9largie des producteurs sous le Resource Recovery and Circular Economy Act de 2016. L\u2019AMS a administr\u00e9 un plan de gestion de l\u2019industrie au nom des fabricants du 1er avril 2017 au 30 septembre 2021. L\u2019AMS a lanc\u00e9 ses services en tant qu\u2019organisme de responsabilit\u00e9 \u00e9largie des producteurs le 1er octobre 2021, et g\u00e8re actuellement plus de 17 000 sites de collecte en Ontario.<\/p>\n<p>L\u2019AMS est gouvern\u00e9e par des administrateurs b\u00e9n\u00e9voles repr\u00e9sentant les fabricants d\u2019antigel, de contenants d\u2019huile et de filtres \u00e0 huile. Notre structure permet aux membres du conseil d\u2019administration de servir au mieux les int\u00e9r\u00eats des fabricants et de l\u2019environnement, ne cherchant pas \u00e0 faire de profit ou de perte.<\/p>\n<p>Les fabricants enregistr\u00e9s aupr\u00e8s de l\u2019AMS paient des frais en fonction des quantit\u00e9s de filtres \u00e0 huile, contenants d\u2019huile vide, et contenants d\u2019huile et d\u2019antigel qu\u2019ils vendent en Ontario. L\u2019AMS utilise ses frais pour financer la r\u00e9cup\u00e9ration, le transport et le recyclage de ses mat\u00e9riaux automobiles \u2013 administrer des solutions pratiques et durables sur le plan environnemental pour d\u00e9tourner les mat\u00e9riaux des d\u00e9charges, et pour aider les entreprises \u00e0 contribuer \u00e0 une \u00e9conomie circulaire en prenant en charge la responsabilit\u00e9 des d\u00e9chets automobiles engendr\u00e9s par la vente de leurs produits dans la province.<\/p>\n<\/div><div ><a class=\"fusion-button button-flat fusion-button-default-size button-default fusion-button-default button-1 fusion-button-default-span fusion-button-default-type\" target=\"_blank\" rel=\"noopener noreferrer\" href=\"https:\/\/www.automotivematerialsstewardship.ca\"><span class=\"fusion-button-text awb-button__text awb-button__text--default\">VISITEZ LE SITE WEB<\/span><\/a><\/div><div class=\"fusion-separator fusion-full-width-sep\" style=\"align-self: center;margin-left: auto;margin-right: auto;margin-bottom:40px;width:100%;\"><\/div><div class=\"fusion-text fusion-text-2\" style=\"--awb-text-transform:none;\"><p>Pour une liste compl\u00e8te des produits vis\u00e9s dans cette province, <a href=\"https:\/\/www.automotivematerialsstewardship.ca\" target=\"_blank\" rel=\"noopener\">veuillez consulter le site web de l\u2019organisme<\/a>.<\/p>\n<\/div><div class=\"fusion-separator fusion-full-width-sep\" style=\"align-self: center;margin-left: auto;margin-right: auto;margin-bottom:40px;width:100%;\"><\/div><\/div><\/div><\/div><\/div><div class=\"fusion-fullwidth fullwidth-box fusion-builder-row-2 fusion-flex-container nonhundred-percent-fullwidth non-hundred-percent-height-scrolling\" style=\"--awb-border-radius-top-left:0px;--awb-border-radius-top-right:0px;--awb-border-radius-bottom-right:0px;--awb-border-radius-bottom-left:0px;--awb-padding-top:0%;--awb-margin-top:0px;--awb-flex-wrap:wrap;\" ><div class=\"fusion-builder-row fusion-row fusion-flex-align-items-stretch fusion-flex-content-wrap\" style=\"max-width:calc( 1375px + 0px );margin-left: calc(-0px \/ 2 );margin-right: calc(-0px \/ 2 );\"><div class=\"fusion-layout-column fusion_builder_column fusion-builder-column-3 fusion_builder_column_1_2 1_2 fusion-flex-column fusion-animated\" style=\"--awb-padding-top-medium:20vh;--awb-padding-bottom-medium:20vh;--awb-bg-position:center center;--awb-bg-size:cover;--awb-width-large:50%;--awb-margin-top-large:0px;--awb-spacing-right-large:0px;--awb-margin-bottom-large:0px;--awb-spacing-left-large:0px;--awb-width-medium:100%;--awb-order-medium:0;--awb-spacing-right-medium:0px;--awb-spacing-left-medium:0px;--awb-width-small:100%;--awb-order-small:0;--awb-spacing-right-small:0px;--awb-spacing-left-small:0px;\" data-animationType=\"fadeIn\" data-animationDuration=\"1.0\" data-animationOffset=\"top-into-view\" data-scroll-devices=\"small-visibility,medium-visibility,large-visibility\"><div class=\"fusion-column-wrapper lazyload fusion-column-has-shadow fusion-flex-justify-content-flex-start fusion-content-layout-column fusion-empty-column-bg-image fusion-column-has-bg-image\" data-bg-url=\"https:\/\/usedoilrecycling.com\/wp-content\/uploads\/2024\/09\/ontario-facts-img.png\" data-bg=\"https:\/\/usedoilrecycling.com\/wp-content\/uploads\/2024\/09\/ontario-facts-img.png\"><img decoding=\"async\" class=\"fusion-empty-dims-img-placeholder fusion-no-large-visibility\" alt=\"Le saviez-vous ? (Ontario - AMS)\" aria-label=\"Le saviez-vous ? (Ontario &#8211; AMS)\" src=\"data:image\/svg+xml,%3Csvg%20xmlns%3D%27http%3A%2F%2Fwww.w3.org%2F2000%2Fsvg%27%20width%3D%271040%27%20height%3D%271040%27%20viewBox%3D%270%200%201040%201040%27%3E%3Crect%20width%3D%271040%27%20height%3D%271040%27%20fill-opacity%3D%220%22%2F%3E%3C%2Fsvg%3E\"><\/div><\/div><div class=\"fusion-layout-column fusion_builder_column fusion-builder-column-4 fusion_builder_column_1_2 1_2 fusion-flex-column fusion-column-inner-bg-wrapper fusion-column-hover-type-liftup fusion-column-liftup-border fusion-animated\" style=\"--awb-padding-top:15%;--awb-padding-right:15%;--awb-padding-bottom:14%;--awb-padding-left:15%;--awb-inner-bg-color:var(--awb-color8);--awb-inner-bg-color-hover:var(--awb-color8);--awb-inner-bg-position:center top;--awb-inner-bg-size:cover;--awb-width-large:50%;--awb-margin-top-large:0px;--awb-spacing-right-large:0px;--awb-margin-bottom-large:0px;--awb-spacing-left-large:0px;--awb-width-medium:100%;--awb-order-medium:0;--awb-spacing-right-medium:0px;--awb-spacing-left-medium:0px;--awb-width-small:100%;--awb-order-small:0;--awb-spacing-right-small:0px;--awb-spacing-left-small:0px;\" data-animationType=\"fadeIn\" data-animationDuration=\"0.6\" data-animationOffset=\"top-into-view\"><span class=\"fusion-column-inner-bg hover-type-liftup\"><span class=\"fusion-column-anchor\"><span class=\"fusion-column-inner-bg-image\"><\/span><\/span><\/span><div class=\"fusion-column-wrapper fusion-flex-justify-content-flex-start fusion-content-layout-column\"><div class=\"fusion-title title fusion-title-2 fusion-sep-none fusion-title-text fusion-title-size-three\" style=\"--awb-text-color:var(--awb-color1);--awb-margin-bottom:1%;--awb-margin-top-small:0px;--awb-margin-right-small:0px;--awb-margin-bottom-small:20px;--awb-margin-left-small:0px;--awb-font-size:50px;\"><h3 class=\"fusion-title-heading title-heading-left fusion-responsive-typography-calculated\" style=\"margin:0;font-size:1em;--fontSize:50;line-height:var(--awb-typography1-line-height);\">Saviez-vous ?<\/h3><\/div><div class=\"fusion-text fusion-text-3\" style=\"--awb-text-transform:none;--awb-text-color:#ffffff;\"><p>L\u2019AMS g\u00e8re actuellement un r\u00e9seau de plus de 17 000 sites de collecte en Ontario. Chaque jour, l\u2019AMS d\u00e9tourne plus de 34 tonnes de contenants d\u2019huile vides, de filtres \u00e0 huile et d\u2019antigel usag\u00e9 des d\u00e9charges. Depuis 2017, l\u2019AMS a assur\u00e9 la r\u00e9cup\u00e9ration d\u2019approximativement 100 000 tonnes de produits d\u2019entretien m\u00e9canique.<\/p>\n<\/div><\/div><\/div><\/div><\/div><\/p>\n","protected":false},"excerpt":{"rendered":"","protected":false},"author":1,"featured_media":20136,"parent":0,"menu_order":0,"comment_status":"closed","ping_status":"closed","template":"100-width.php","meta":{"footnotes":""},"class_list":["post-20127","page","type-page","status-publish","has-post-thumbnail","hentry"],"yoast_head":"<!-- This site is optimized with the Yoast SEO plugin v27.3 - https:\/\/yoast.com\/product\/yoast-seo-wordpress\/ -->\n<title>Ontario (AMS) - Used Oil Management Associations of Canada (UOMA)<\/title>\n<meta name=\"description\" content=\"Automotive Materials Stewardship (AMS) est un organisme sans but lucratif visant \u00e0 permettre aux fabricants de contenants d\u2019huile et d\u2019antigel usag\u00e9s, de filtres \u00e0 huile et de contenants d\u2019huile vide \u00e0 atteindre leurs obligations r\u00e9glementaires en termes de recyclage.\" \/>\n<meta name=\"robots\" content=\"index, follow, max-snippet:-1, max-image-preview:large, max-video-preview:-1\" \/>\n<link rel=\"canonical\" href=\"https:\/\/usedoilrecycling.com\/fr\/ontario\/\" \/>\n<meta property=\"og:locale\" content=\"fr_FR\" \/>\n<meta property=\"og:type\" content=\"article\" \/>\n<meta property=\"og:title\" content=\"Ontario (AMS) - Used Oil Management Associations of Canada (UOMA)\" \/>\n<meta property=\"og:description\" content=\"Automotive Materials Stewardship (AMS) est un organisme sans but lucratif visant \u00e0 permettre aux fabricants de contenants d\u2019huile et d\u2019antigel usag\u00e9s, de filtres \u00e0 huile et de contenants d\u2019huile vide \u00e0 atteindre leurs obligations r\u00e9glementaires en termes de recyclage.\" \/>\n<meta property=\"og:url\" content=\"https:\/\/usedoilrecycling.com\/fr\/ontario\/\" \/>\n<meta property=\"og:site_name\" content=\"Used Oil Management Associations of Canada (UOMA)\" \/>\n<meta property=\"article:modified_time\" content=\"2024-09-30T12:16:16+00:00\" \/>\n<meta property=\"og:image\" content=\"https:\/\/usedoilrecycling.com\/wp-content\/uploads\/2024\/09\/ontario-header-2.jpg\" \/>\n\t<meta property=\"og:image:width\" content=\"1024\" \/>\n\t<meta property=\"og:image:height\" content=\"435\" \/>\n\t<meta property=\"og:image:type\" content=\"image\/jpeg\" \/>\n<meta name=\"twitter:card\" content=\"summary_large_image\" \/>\n<meta name=\"twitter:label1\" content=\"Dur\u00e9e de lecture estim\u00e9e\" \/>\n\t<meta name=\"twitter:data1\" content=\"3 minutes\" \/>\n<script type=\"application\/ld+json\" class=\"yoast-schema-graph\">{\"@context\":\"https:\\\/\\\/schema.org\",\"@graph\":[{\"@type\":\"WebPage\",\"@id\":\"https:\\\/\\\/usedoilrecycling.com\\\/fr\\\/ontario\\\/\",\"url\":\"https:\\\/\\\/usedoilrecycling.com\\\/fr\\\/ontario\\\/\",\"name\":\"Ontario (AMS) - Used Oil Management Associations of Canada (UOMA)\",\"isPartOf\":{\"@id\":\"https:\\\/\\\/usedoilrecycling.com\\\/#website\"},\"primaryImageOfPage\":{\"@id\":\"https:\\\/\\\/usedoilrecycling.com\\\/fr\\\/ontario\\\/#primaryimage\"},\"image\":{\"@id\":\"https:\\\/\\\/usedoilrecycling.com\\\/fr\\\/ontario\\\/#primaryimage\"},\"thumbnailUrl\":\"https:\\\/\\\/usedoilrecycling.com\\\/wp-content\\\/uploads\\\/2024\\\/09\\\/ontario-header-2.jpg\",\"datePublished\":\"2024-09-30T11:49:17+00:00\",\"dateModified\":\"2024-09-30T12:16:16+00:00\",\"description\":\"Automotive Materials Stewardship (AMS) est un organisme sans but lucratif visant \u00e0 permettre aux fabricants de contenants d\u2019huile et d\u2019antigel usag\u00e9s, de filtres \u00e0 huile et de contenants d\u2019huile vide \u00e0 atteindre leurs obligations r\u00e9glementaires en termes de recyclage.\",\"breadcrumb\":{\"@id\":\"https:\\\/\\\/usedoilrecycling.com\\\/fr\\\/ontario\\\/#breadcrumb\"},\"inLanguage\":\"fr-FR\",\"potentialAction\":[{\"@type\":\"ReadAction\",\"target\":[\"https:\\\/\\\/usedoilrecycling.com\\\/fr\\\/ontario\\\/\"]}]},{\"@type\":\"ImageObject\",\"inLanguage\":\"fr-FR\",\"@id\":\"https:\\\/\\\/usedoilrecycling.com\\\/fr\\\/ontario\\\/#primaryimage\",\"url\":\"https:\\\/\\\/usedoilrecycling.com\\\/wp-content\\\/uploads\\\/2024\\\/09\\\/ontario-header-2.jpg\",\"contentUrl\":\"https:\\\/\\\/usedoilrecycling.com\\\/wp-content\\\/uploads\\\/2024\\\/09\\\/ontario-header-2.jpg\",\"width\":1024,\"height\":435,\"caption\":\"Ontario\"},{\"@type\":\"BreadcrumbList\",\"@id\":\"https:\\\/\\\/usedoilrecycling.com\\\/fr\\\/ontario\\\/#breadcrumb\",\"itemListElement\":[{\"@type\":\"ListItem\",\"position\":1,\"name\":\"Home\",\"item\":\"https:\\\/\\\/usedoilrecycling.com\\\/fr\\\/\"},{\"@type\":\"ListItem\",\"position\":2,\"name\":\"Ontario (AMS)\"}]},{\"@type\":\"WebSite\",\"@id\":\"https:\\\/\\\/usedoilrecycling.com\\\/#website\",\"url\":\"https:\\\/\\\/usedoilrecycling.com\\\/\",\"name\":\"Used Oil Management Associations of Canada (UOMA)\",\"description\":\"\",\"publisher\":{\"@id\":\"https:\\\/\\\/usedoilrecycling.com\\\/#organization\"},\"potentialAction\":[{\"@type\":\"SearchAction\",\"target\":{\"@type\":\"EntryPoint\",\"urlTemplate\":\"https:\\\/\\\/usedoilrecycling.com\\\/?s={search_term_string}\"},\"query-input\":{\"@type\":\"PropertyValueSpecification\",\"valueRequired\":true,\"valueName\":\"search_term_string\"}}],\"inLanguage\":\"fr-FR\"},{\"@type\":\"Organization\",\"@id\":\"https:\\\/\\\/usedoilrecycling.com\\\/#organization\",\"name\":\"Used Oil Management Associations of Canada (UOMA)\",\"url\":\"https:\\\/\\\/usedoilrecycling.com\\\/\",\"logo\":{\"@type\":\"ImageObject\",\"inLanguage\":\"fr-FR\",\"@id\":\"https:\\\/\\\/usedoilrecycling.com\\\/#\\\/schema\\\/logo\\\/image\\\/\",\"url\":\"https:\\\/\\\/usedoilrecycling.com\\\/wp-content\\\/uploads\\\/2024\\\/04\\\/uoma-logo-retina.png\",\"contentUrl\":\"https:\\\/\\\/usedoilrecycling.com\\\/wp-content\\\/uploads\\\/2024\\\/04\\\/uoma-logo-retina.png\",\"width\":450,\"height\":145,\"caption\":\"Used Oil Management Associations of Canada (UOMA)\"},\"image\":{\"@id\":\"https:\\\/\\\/usedoilrecycling.com\\\/#\\\/schema\\\/logo\\\/image\\\/\"}}]}<\/script>\n<!-- \/ Yoast SEO plugin. -->","yoast_head_json":{"title":"Ontario (AMS) - Used Oil Management Associations of Canada (UOMA)","description":"Automotive Materials Stewardship (AMS) est un organisme sans but lucratif visant \u00e0 permettre aux fabricants de contenants d\u2019huile et d\u2019antigel usag\u00e9s, de filtres \u00e0 huile et de contenants d\u2019huile vide \u00e0 atteindre leurs obligations r\u00e9glementaires en termes de recyclage.","robots":{"index":"index","follow":"follow","max-snippet":"max-snippet:-1","max-image-preview":"max-image-preview:large","max-video-preview":"max-video-preview:-1"},"canonical":"https:\/\/usedoilrecycling.com\/fr\/ontario\/","og_locale":"fr_FR","og_type":"article","og_title":"Ontario (AMS) - Used Oil Management Associations of Canada (UOMA)","og_description":"Automotive Materials Stewardship (AMS) est un organisme sans but lucratif visant \u00e0 permettre aux fabricants de contenants d\u2019huile et d\u2019antigel usag\u00e9s, de filtres \u00e0 huile et de contenants d\u2019huile vide \u00e0 atteindre leurs obligations r\u00e9glementaires en termes de recyclage.","og_url":"https:\/\/usedoilrecycling.com\/fr\/ontario\/","og_site_name":"Used Oil Management Associations of Canada (UOMA)","article_modified_time":"2024-09-30T12:16:16+00:00","og_image":[{"width":1024,"height":435,"url":"https:\/\/usedoilrecycling.com\/wp-content\/uploads\/2024\/09\/ontario-header-2.jpg","type":"image\/jpeg"}],"twitter_card":"summary_large_image","twitter_misc":{"Dur\u00e9e de lecture estim\u00e9e":"3 minutes"},"schema":{"@context":"https:\/\/schema.org","@graph":[{"@type":"WebPage","@id":"https:\/\/usedoilrecycling.com\/fr\/ontario\/","url":"https:\/\/usedoilrecycling.com\/fr\/ontario\/","name":"Ontario (AMS) - Used Oil Management Associations of Canada (UOMA)","isPartOf":{"@id":"https:\/\/usedoilrecycling.com\/#website"},"primaryImageOfPage":{"@id":"https:\/\/usedoilrecycling.com\/fr\/ontario\/#primaryimage"},"image":{"@id":"https:\/\/usedoilrecycling.com\/fr\/ontario\/#primaryimage"},"thumbnailUrl":"https:\/\/usedoilrecycling.com\/wp-content\/uploads\/2024\/09\/ontario-header-2.jpg","datePublished":"2024-09-30T11:49:17+00:00","dateModified":"2024-09-30T12:16:16+00:00","description":"Automotive Materials Stewardship (AMS) est un organisme sans but lucratif visant \u00e0 permettre aux fabricants de contenants d\u2019huile et d\u2019antigel usag\u00e9s, de filtres \u00e0 huile et de contenants d\u2019huile vide \u00e0 atteindre leurs obligations r\u00e9glementaires en termes de recyclage.","breadcrumb":{"@id":"https:\/\/usedoilrecycling.com\/fr\/ontario\/#breadcrumb"},"inLanguage":"fr-FR","potentialAction":[{"@type":"ReadAction","target":["https:\/\/usedoilrecycling.com\/fr\/ontario\/"]}]},{"@type":"ImageObject","inLanguage":"fr-FR","@id":"https:\/\/usedoilrecycling.com\/fr\/ontario\/#primaryimage","url":"https:\/\/usedoilrecycling.com\/wp-content\/uploads\/2024\/09\/ontario-header-2.jpg","contentUrl":"https:\/\/usedoilrecycling.com\/wp-content\/uploads\/2024\/09\/ontario-header-2.jpg","width":1024,"height":435,"caption":"Ontario"},{"@type":"BreadcrumbList","@id":"https:\/\/usedoilrecycling.com\/fr\/ontario\/#breadcrumb","itemListElement":[{"@type":"ListItem","position":1,"name":"Home","item":"https:\/\/usedoilrecycling.com\/fr\/"},{"@type":"ListItem","position":2,"name":"Ontario (AMS)"}]},{"@type":"WebSite","@id":"https:\/\/usedoilrecycling.com\/#website","url":"https:\/\/usedoilrecycling.com\/","name":"Used Oil Management Associations of Canada (UOMA)","description":"","publisher":{"@id":"https:\/\/usedoilrecycling.com\/#organization"},"potentialAction":[{"@type":"SearchAction","target":{"@type":"EntryPoint","urlTemplate":"https:\/\/usedoilrecycling.com\/?s={search_term_string}"},"query-input":{"@type":"PropertyValueSpecification","valueRequired":true,"valueName":"search_term_string"}}],"inLanguage":"fr-FR"},{"@type":"Organization","@id":"https:\/\/usedoilrecycling.com\/#organization","name":"Used Oil Management Associations of Canada (UOMA)","url":"https:\/\/usedoilrecycling.com\/","logo":{"@type":"ImageObject","inLanguage":"fr-FR","@id":"https:\/\/usedoilrecycling.com\/#\/schema\/logo\/image\/","url":"https:\/\/usedoilrecycling.com\/wp-content\/uploads\/2024\/04\/uoma-logo-retina.png","contentUrl":"https:\/\/usedoilrecycling.com\/wp-content\/uploads\/2024\/04\/uoma-logo-retina.png","width":450,"height":145,"caption":"Used Oil Management Associations of Canada (UOMA)"},"image":{"@id":"https:\/\/usedoilrecycling.com\/#\/schema\/logo\/image\/"}}]}},"_links":{"self":[{"href":"https:\/\/usedoilrecycling.com\/fr\/wp-json\/wp\/v2\/pages\/20127","targetHints":{"allow":["GET"]}}],"collection":[{"href":"https:\/\/usedoilrecycling.com\/fr\/wp-json\/wp\/v2\/pages"}],"about":[{"href":"https:\/\/usedoilrecycling.com\/fr\/wp-json\/wp\/v2\/types\/page"}],"author":[{"embeddable":true,"href":"https:\/\/usedoilrecycling.com\/fr\/wp-json\/wp\/v2\/users\/1"}],"replies":[{"embeddable":true,"href":"https:\/\/usedoilrecycling.com\/fr\/wp-json\/wp\/v2\/comments?post=20127"}],"version-history":[{"count":5,"href":"https:\/\/usedoilrecycling.com\/fr\/wp-json\/wp\/v2\/pages\/20127\/revisions"}],"predecessor-version":[{"id":20182,"href":"https:\/\/usedoilrecycling.com\/fr\/wp-json\/wp\/v2\/pages\/20127\/revisions\/20182"}],"wp:featuredmedia":[{"embeddable":true,"href":"https:\/\/usedoilrecycling.com\/fr\/wp-json\/wp\/v2\/media\/20136"}],"wp:attachment":[{"href":"https:\/\/usedoilrecycling.com\/fr\/wp-json\/wp\/v2\/media?parent=20127"}],"curies":[{"name":"wp","href":"https:\/\/api.w.org\/{rel}","templated":true}]}}